{"id":2,"date":"2013-03-27T08:08:02","date_gmt":"2013-03-27T07:08:02","guid":{"rendered":"http:\/\/cpazagra.educacion.navarra.es\/blogs\/?page_id=2"},"modified":"2024-07-09T14:27:31","modified_gmt":"2024-07-09T12:27:31","slug":"pagina-ejemplo","status":"publish","type":"page","link":"https:\/\/cpazagra.educacion.navarra.es\/blogs\/pagina-ejemplo\/","title":{"rendered":"Horarios"},"content":{"rendered":"<p>Infantil 3 a\u00f1os A<\/p>\n<p>Infantil 3 a\u00f1os B<\/p>\n<p>Infantil 4 a\u00f1os A<\/p>\n<p>Infantil 4 a\u00f1os B<\/p>\n<p>Infantil 5 a\u00f1os A<\/p>\n<p>Infantil 5 a\u00f1os B<\/p>\n<p>1\u00ba A<\/p>\n<p>1\u00ba B<\/p>\n<p>2\u00ba A<\/p>\n<p>2\u00ba B<\/p>\n<p>3\u00ba A<\/p>\n<p>3\u00ba B<\/p>\n<p>4\u00ba A<\/p>\n<p>4\u00ba B<\/p>\n<p>5\u00ba A<\/p>\n<p>5\u00ba B<\/p>\n<p>6\u00ba A<\/p>\n<p>6\u00ba B<\/p>\n","protected":false},"excerpt":{"rendered":"<p>Infantil 3 a\u00f1os A Infantil 3 a\u00f1os B Infantil 4 a\u00f1os A Infantil 4 a\u00f1os B Infantil 5 a\u00f1os A Infantil 5 a\u00f1os B 1\u00ba A 1\u00ba B 2\u00ba A 2\u00ba B 3\u00ba A 3\u00ba B 4\u00ba A 4\u00ba B 5\u00ba A 5\u00ba B 6\u00ba A 6\u00ba B<\/p>\n","protected":false},"author":1,"featured_media":0,"parent":0,"menu_order":0,"comment_status":"open","ping_status":"closed","template":"","meta":[],"_links":{"self":[{"href":"https:\/\/cpazagra.educacion.navarra.es\/blogs\/wp-json\/wp\/v2\/pages\/2"}],"collection":[{"href":"https:\/\/cpazagra.educacion.navarra.es\/blogs\/wp-json\/wp\/v2\/pages"}],"about":[{"href":"https:\/\/cpazagra.educacion.navarra.es\/blogs\/wp-json\/wp\/v2\/types\/page"}],"author":[{"embeddable":true,"href":"https:\/\/cpazagra.educacion.navarra.es\/blogs\/wp-json\/wp\/v2\/users\/1"}],"replies":[{"embeddable":true,"href":"https:\/\/cpazagra.educacion.navarra.es\/blogs\/wp-json\/wp\/v2\/comments?post=2"}],"version-history":[{"count":12,"href":"https:\/\/cpazagra.educacion.navarra.es\/blogs\/wp-json\/wp\/v2\/pages\/2\/revisions"}],"predecessor-version":[{"id":2724,"href":"https:\/\/cpazagra.educacion.navarra.es\/blogs\/wp-json\/wp\/v2\/pages\/2\/revisions\/2724"}],"wp:attachment":[{"href":"https:\/\/cpazagra.educacion.navarra.es\/blogs\/wp-json\/wp\/v2\/media?parent=2"}],"curies":[{"name":"wp","href":"https:\/\/api.w.org\/{rel}","templated":true}]}}