{"id":252,"date":"2016-12-05T16:53:10","date_gmt":"2016-12-05T15:53:10","guid":{"rendered":"http:\/\/cpazagra.educacion.navarra.es\/blogs\/?page_id=252"},"modified":"2022-03-23T10:04:09","modified_gmt":"2022-03-23T09:04:09","slug":"documentos-centro","status":"publish","type":"page","link":"https:\/\/cpazagra.educacion.navarra.es\/blogs\/documentos-centro\/","title":{"rendered":"Documentos Centro"},"content":{"rendered":"\n<p><a href=\"https:\/\/cpazagra.educacion.navarra.es\/blogs\/agresiones-al-personal-docente\/\">Agresiones al personal docente<\/a><\/p>\n\n\n\n<p><a href=\"https:\/\/cpazagra.educacion.navarra.es\/blogs\/protocolo-curso-21-22\/\">PROTOCOLO CURSO 21-22<\/a><\/p>\n\n\n\n<p><a href=\"https:\/\/cpazagra.educacion.navarra.es\/blogs\/especificaciones\/\">Especificaciones<\/a><\/p>\n\n\n\n<p><a href=\"https:\/\/cpazagra.educacion.navarra.es\/blogs\/extracto-de-programacion-para-las-familias\/\">Extracto de programaci\u00f3n para las familias<\/a><\/p>\n\n\n\n<p><a href=\"https:\/\/cpazagra.educacion.navarra.es\/blogs\/mision-vision-y-valores\/\">Misi\u00f3n, Visi\u00f3n y Valores<\/a><\/p>\n\n\n\n<p><a href=\"https:\/\/cpazagra.educacion.navarra.es\/blogs\/plc\/\">PLC<\/a><\/p>\n\n\n\n<p><a href=\"https:\/\/cpazagra.educacion.navarra.es\/blogs\/reglamentos\/\">Reglamentos<\/a><\/p>\n\n\n\n<p><a href=\"https:\/\/cpazagra.educacion.navarra.es\/blogs\/sqr\/\">SQR<\/a><\/p>\n","protected":false},"excerpt":{"rendered":"<p>Agresiones al personal docente PROTOCOLO CURSO 21-22 Especificaciones Extracto de programaci\u00f3n para las familias Misi\u00f3n, Visi\u00f3n y Valores PLC Reglamentos SQR<\/p>\n","protected":false},"author":1,"featured_media":0,"parent":0,"menu_order":0,"comment_status":"closed","ping_status":"closed","template":"","meta":[],"_links":{"self":[{"href":"https:\/\/cpazagra.educacion.navarra.es\/blogs\/wp-json\/wp\/v2\/pages\/252"}],"collection":[{"href":"https:\/\/cpazagra.educacion.navarra.es\/blogs\/wp-json\/wp\/v2\/pages"}],"about":[{"href":"https:\/\/cpazagra.educacion.navarra.es\/blogs\/wp-json\/wp\/v2\/types\/page"}],"author":[{"embeddable":true,"href":"https:\/\/cpazagra.educacion.navarra.es\/blogs\/wp-json\/wp\/v2\/users\/1"}],"replies":[{"embeddable":true,"href":"https:\/\/cpazagra.educacion.navarra.es\/blogs\/wp-json\/wp\/v2\/comments?post=252"}],"version-history":[{"count":2,"href":"https:\/\/cpazagra.educacion.navarra.es\/blogs\/wp-json\/wp\/v2\/pages\/252\/revisions"}],"predecessor-version":[{"id":1788,"href":"https:\/\/cpazagra.educacion.navarra.es\/blogs\/wp-json\/wp\/v2\/pages\/252\/revisions\/1788"}],"wp:attachment":[{"href":"https:\/\/cpazagra.educacion.navarra.es\/blogs\/wp-json\/wp\/v2\/media?parent=252"}],"curies":[{"name":"wp","href":"https:\/\/api.w.org\/{rel}","templated":true}]}}