{"id":275,"date":"2016-12-05T16:59:11","date_gmt":"2016-12-05T15:59:11","guid":{"rendered":"http:\/\/cpazagra.educacion.navarra.es\/blogs\/?page_id=275"},"modified":"2024-06-05T10:37:06","modified_gmt":"2024-06-05T08:37:06","slug":"sqr","status":"publish","type":"page","link":"https:\/\/cpazagra.educacion.navarra.es\/blogs\/sqr\/","title":{"rendered":"SQR (Sugerencias, quejas, reclamaciones y agradecimientos)"},"content":{"rendered":"\n<p>La mejora continua es una de las caracter\u00edsticas de nuestro centro educativo.<\/p>\n\n\n\n<p>Para ello es preciso la participaci\u00f3n constructiva de todos los agentes que intervienen en el CPEIP Francisco Arbeloa<\/p>\n\n\n\n<p>Con este fin y dentro de nuestro sistema de calidad educativa est\u00e1 contemplado el proceso PR0302 que permite documentar la gesti\u00f3n de sugerencias, quejas y reclamaciones (SQR) recibidas por los usuarios de nuestro centro educativo, con el fin de dar respuesta a las mismas y de disponer de datos, cuyo posterior an\u00e1lisis permita identificar y establecer acciones de mejora orientadas a aumentar la satisfacci\u00f3n de los mismos.<\/p>\n\n\n\n<p><strong>Si deseas realizar cualquier sugerencia, queja, reclamaci\u00f3n o agradecimiento puedes hacerlo v\u00eda on-line con el siguiente formulario:<\/strong><\/p>\n\n\n\n<p class=\"has-vivid-purple-color has-text-color has-large-font-size\" style=\"text-transform:uppercase\"><a href=\"https:\/\/docs.google.com\/forms\/d\/e\/1FAIpQLSfvxW25goSY66TwdFAcyIqa5yrWSdd-wZfshbBRA0nrou1R7g\/viewform?usp=sharing\" target=\"_blank\" rel=\"noreferrer noopener\"><strong>FORMULARIO<\/strong><\/a><\/p>\n\n\n\n<p>El plazo previsto el PR0302 para contestar es de 15 d\u00edas lectivos y se realizar\u00e1 v\u00eda e-mail.<\/p>\n\n\n\n<p>Gracias de antemano por vuestra colaboraci\u00f3n.<\/p>\n","protected":false},"excerpt":{"rendered":"<p>La mejora continua es una de las caracter\u00edsticas de nuestro centro educativo. Para ello es preciso la participaci\u00f3n constructiva de todos los agentes que intervienen en el CPEIP Francisco Arbeloa Con este fin y dentro de nuestro sistema de calidad educativa est\u00e1 contemplado el proceso PR0302 que permite documentar la gesti\u00f3n de sugerencias, quejas y &hellip; <\/p>\n<p><a class=\"more-link btn\" href=\"https:\/\/cpazagra.educacion.navarra.es\/blogs\/sqr\/\">Continue reading<\/a><\/p>\n","protected":false},"author":1,"featured_media":0,"parent":0,"menu_order":0,"comment_status":"closed","ping_status":"closed","template":"","meta":[],"_links":{"self":[{"href":"https:\/\/cpazagra.educacion.navarra.es\/blogs\/wp-json\/wp\/v2\/pages\/275"}],"collection":[{"href":"https:\/\/cpazagra.educacion.navarra.es\/blogs\/wp-json\/wp\/v2\/pages"}],"about":[{"href":"https:\/\/cpazagra.educacion.navarra.es\/blogs\/wp-json\/wp\/v2\/types\/page"}],"author":[{"embeddable":true,"href":"https:\/\/cpazagra.educacion.navarra.es\/blogs\/wp-json\/wp\/v2\/users\/1"}],"replies":[{"embeddable":true,"href":"https:\/\/cpazagra.educacion.navarra.es\/blogs\/wp-json\/wp\/v2\/comments?post=275"}],"version-history":[{"count":2,"href":"https:\/\/cpazagra.educacion.navarra.es\/blogs\/wp-json\/wp\/v2\/pages\/275\/revisions"}],"predecessor-version":[{"id":2658,"href":"https:\/\/cpazagra.educacion.navarra.es\/blogs\/wp-json\/wp\/v2\/pages\/275\/revisions\/2658"}],"wp:attachment":[{"href":"https:\/\/cpazagra.educacion.navarra.es\/blogs\/wp-json\/wp\/v2\/media?parent=275"}],"curies":[{"name":"wp","href":"https:\/\/api.w.org\/{rel}","templated":true}]}}