{"id":339,"date":"2017-01-09T13:49:26","date_gmt":"2017-01-09T12:49:26","guid":{"rendered":"http:\/\/cpazagra.educacion.navarra.es\/blogs\/?page_id=339"},"modified":"2025-09-03T09:38:43","modified_gmt":"2025-09-03T07:38:43","slug":"material-escolar","status":"publish","type":"page","link":"https:\/\/cpazagra.educacion.navarra.es\/blogs\/material-escolar\/","title":{"rendered":"Material escolar"},"content":{"rendered":"<h3>PINCHANDO EN LOS ENLACES DE CADA CURSO, SE ABRE UNA P\u00c1GINA CON EL LISTADO DE LIBROS Y MATERIAL NECESARIO PARA EL PR\u00d3XIMO CURSO 2025\/26.<\/h3>\n<h3><a href=\"https:\/\/drive.google.com\/file\/d\/1xsrgn06eB3Jgp0jacDnSjVfbGgtmtqx8\/view?usp=drive_link\" target=\"_blank\" rel=\"noreferrer noopener\">INFANTIL 3 A\u00d1OS<\/a><\/h3>\n<h3><a href=\"https:\/\/drive.google.com\/file\/d\/1zDAJiw0N6kWDzvsoVgzxJcWck7Uq5u8S\/view?usp=drive_link\" target=\"_blank\" rel=\"noreferrer noopener\">INFANTIL 4 A\u00d1OS<\/a><\/h3>\n<h3><a href=\"https:\/\/drive.google.com\/file\/d\/1IPngW9NLikvBnEhtBG44hQDOtv2zf6JT\/view?usp=drive_link\" target=\"_blank\" rel=\"noreferrer noopener\">INFANTIL 5 A\u00d1OS<\/a><\/h3>\n<h3><a href=\"https:\/\/drive.google.com\/file\/d\/1MOWwZhqLf8C1GLkhm1bzmdfMR4t0cFAz\/view?usp=drive_link\" target=\"_blank\" rel=\"noreferrer noopener\">EDUCACI\u00d3N PRIMARIA CURSO 1\u00ba<\/a><\/h3>\n<h3><a href=\"https:\/\/drive.google.com\/file\/d\/1SjJ2d27JtgGVfV12APL9S_fwqbmCMYY6\/view?usp=drive_link\" target=\"_blank\" rel=\"noreferrer noopener\">EDUCACI\u00d3N PRIMARIA CURSO 2\u00ba<\/a><\/h3>\n<h3><a href=\"https:\/\/drive.google.com\/file\/d\/1dR_NM1THtyGM7SldeSQOX2dIA1k_qd00\/view?usp=drive_link\" target=\"_blank\" rel=\"noreferrer noopener\">EDUCACI\u00d3N PRIMARIA CURSO 3\u00ba<\/a><\/h3>\n<h3><a href=\"https:\/\/drive.google.com\/file\/d\/1EC4VmVh2K5dTyEiAOg4FOO0FOJ8qGceQ\/view?usp=drive_link\" target=\"_blank\" rel=\"noreferrer noopener\">EDUCACI\u00d3N PRIMARIA CURSO 4\u00ba<\/a><\/h3>\n<h3><a href=\"https:\/\/drive.google.com\/file\/d\/1yMT1iedDqnAsfU58CTpJXkobFpJZegqp\/view?usp=drive_link\" target=\"_blank\" rel=\"noreferrer noopener\">EDUCACI\u00d3N PRIMARIA CURSO 5\u00ba<\/a><\/h3>\n<h3><a href=\"https:\/\/drive.google.com\/file\/d\/11CxGhe25htXBG2d_AO9K0ZJDHyz1xREl\/view?usp=drive_link\" target=\"_blank\" rel=\"noreferrer noopener\">EDUCACI\u00d3N PRIMARIA CURSO 6\u00ba<\/a><\/h3>\n","protected":false},"excerpt":{"rendered":"<p>PINCHANDO EN LOS ENLACES DE CADA CURSO, SE ABRE UNA P\u00c1GINA CON EL LISTADO DE LIBROS Y MATERIAL NECESARIO PARA EL PR\u00d3XIMO CURSO 2025\/26. INFANTIL 3 A\u00d1OS INFANTIL 4 A\u00d1OS INFANTIL 5 A\u00d1OS EDUCACI\u00d3N PRIMARIA CURSO 1\u00ba EDUCACI\u00d3N PRIMARIA CURSO 2\u00ba EDUCACI\u00d3N PRIMARIA CURSO 3\u00ba EDUCACI\u00d3N PRIMARIA CURSO 4\u00ba EDUCACI\u00d3N PRIMARIA CURSO 5\u00ba EDUCACI\u00d3N PRIMARIA &hellip; <\/p>\n<p><a class=\"more-link btn\" href=\"https:\/\/cpazagra.educacion.navarra.es\/blogs\/material-escolar\/\">Continue reading<\/a><\/p>\n","protected":false},"author":1,"featured_media":0,"parent":0,"menu_order":0,"comment_status":"closed","ping_status":"closed","template":"","meta":[],"_links":{"self":[{"href":"https:\/\/cpazagra.educacion.navarra.es\/blogs\/wp-json\/wp\/v2\/pages\/339"}],"collection":[{"href":"https:\/\/cpazagra.educacion.navarra.es\/blogs\/wp-json\/wp\/v2\/pages"}],"about":[{"href":"https:\/\/cpazagra.educacion.navarra.es\/blogs\/wp-json\/wp\/v2\/types\/page"}],"author":[{"embeddable":true,"href":"https:\/\/cpazagra.educacion.navarra.es\/blogs\/wp-json\/wp\/v2\/users\/1"}],"replies":[{"embeddable":true,"href":"https:\/\/cpazagra.educacion.navarra.es\/blogs\/wp-json\/wp\/v2\/comments?post=339"}],"version-history":[{"count":14,"href":"https:\/\/cpazagra.educacion.navarra.es\/blogs\/wp-json\/wp\/v2\/pages\/339\/revisions"}],"predecessor-version":[{"id":3025,"href":"https:\/\/cpazagra.educacion.navarra.es\/blogs\/wp-json\/wp\/v2\/pages\/339\/revisions\/3025"}],"wp:attachment":[{"href":"https:\/\/cpazagra.educacion.navarra.es\/blogs\/wp-json\/wp\/v2\/media?parent=339"}],"curies":[{"name":"wp","href":"https:\/\/api.w.org\/{rel}","templated":true}]}}