{"id":545,"date":"2017-06-28T09:59:40","date_gmt":"2017-06-28T07:59:40","guid":{"rendered":"http:\/\/cpazagra.educacion.navarra.es\/blogs\/?page_id=545"},"modified":"2017-11-07T10:20:14","modified_gmt":"2017-11-07T09:20:14","slug":"contacto","status":"publish","type":"page","link":"https:\/\/cpazagra.educacion.navarra.es\/blogs\/contacto\/","title":{"rendered":"Contacto"},"content":{"rendered":"<p><strong>Nombre:<\/strong>\u00a0CPEIP Azagra Fr. Arbeloa<\/p>\n<p><strong>Direcci\u00f3n:<\/strong><br \/>\nAvenida Diputaci\u00f3n 72<br \/>\n31560 &#8211; Azagra<\/p>\n<p><strong>Tel\u00e9fono:<\/strong>\u00a0948662202 (primaria) \/ 948692191 (infantil)<br \/>\n<strong>Fax:<\/strong>\u00a0948 662262<\/p>\n<p><strong>Correo electr\u00f3nico:<\/strong>\u00a0<a href=\"mailto:\/\/cpazagra@educacion.navarra.es\">cpazagra@educacion.navarra.es<\/a><\/p>\n","protected":false},"excerpt":{"rendered":"<p>Nombre:\u00a0CPEIP Azagra Fr. Arbeloa Direcci\u00f3n: Avenida Diputaci\u00f3n 72 31560 &#8211; Azagra Tel\u00e9fono:\u00a0948662202 (primaria) \/ 948692191 (infantil) Fax:\u00a0948 662262 Correo electr\u00f3nico:\u00a0cpazagra@educacion.navarra.es<\/p>\n","protected":false},"author":1,"featured_media":0,"parent":0,"menu_order":0,"comment_status":"closed","ping_status":"closed","template":"","meta":[],"_links":{"self":[{"href":"https:\/\/cpazagra.educacion.navarra.es\/blogs\/wp-json\/wp\/v2\/pages\/545"}],"collection":[{"href":"https:\/\/cpazagra.educacion.navarra.es\/blogs\/wp-json\/wp\/v2\/pages"}],"about":[{"href":"https:\/\/cpazagra.educacion.navarra.es\/blogs\/wp-json\/wp\/v2\/types\/page"}],"author":[{"embeddable":true,"href":"https:\/\/cpazagra.educacion.navarra.es\/blogs\/wp-json\/wp\/v2\/users\/1"}],"replies":[{"embeddable":true,"href":"https:\/\/cpazagra.educacion.navarra.es\/blogs\/wp-json\/wp\/v2\/comments?post=545"}],"version-history":[{"count":5,"href":"https:\/\/cpazagra.educacion.navarra.es\/blogs\/wp-json\/wp\/v2\/pages\/545\/revisions"}],"predecessor-version":[{"id":641,"href":"https:\/\/cpazagra.educacion.navarra.es\/blogs\/wp-json\/wp\/v2\/pages\/545\/revisions\/641"}],"wp:attachment":[{"href":"https:\/\/cpazagra.educacion.navarra.es\/blogs\/wp-json\/wp\/v2\/media?parent=545"}],"curies":[{"name":"wp","href":"https:\/\/api.w.org\/{rel}","templated":true}]}}